{"id":49,"date":"2019-05-04T19:44:49","date_gmt":"2019-05-04T19:44:49","guid":{"rendered":"http:\/\/christian-ischebeck.org\/?page_id=49"},"modified":"2024-01-28T18:24:59","modified_gmt":"2024-01-28T18:24:59","slug":"biografisches","status":"publish","type":"page","link":"https:\/\/ischebeck-art.de\/?page_id=49","title":{"rendered":"Biografisches"},"content":{"rendered":"\n<p>1968 in Gevelsberg (Nordrhein-Westfalen) geboren<\/p>\n\n\n\n<p>1987 Abitur ebendort<\/p>\n\n\n\n<p>Studium Kommunikationsdesign (Grafik-Design) in Dortmund (Abschluss 1998 als Diplom Grafik-Designer (FH))<\/p>\n\n\n\n<p>Studium an der TU Dortmund (Lehramt Kunst)<\/p>\n\n\n\n<p>Ausstellungen und k\u00fcnstlerische T\u00e4tigkeit im In- und Ausland (u.a. Prag, Br\u00fcnn, Tschechische Republik,  Paris, &#8230; D\u00e4nemark, Irland)<\/p>\n\n\n\n<p>Januar 2024 Aufenthalt in Schlitz, Hessen, Deutschland. Samstag, 27.01. Happening am Burgfried\/ Turm &#8220;Die Schlitzer Weihnachtskerze&#8221;.<\/p>\n\n\n\n<p>Sonntag, den 28.01. R\u00fcckfahrt \u00fcber Kassel (dort: Sprechaktion zum Thema &#8220;Die deutsche Gesellschaft und der Nahverkehr&#8221; mit anschlie\u00dfender Diskussion), Dortmund, Witten.<\/p>\n\n\n\n<p>M\u00e4rz 2024 Einzelausstellung in der Rathaus Galerie Wuppertal Elberfeld im Raum der art fam 7.<\/p>\n","protected":false},"excerpt":{"rendered":"<p>1968 in Gevelsberg (Nordrhein-Westfalen) geboren 1987 Abitur ebendort Studium Kommunikationsdesign (Grafik-Design) in Dortmund (Abschluss 1998 als Diplom Grafik-Designer (FH)) Studium an der TU Dortmund (Lehramt Kunst) Ausstellungen und k\u00fcnstlerische T\u00e4tigkeit im In- und Ausland (u.a. Prag, Br\u00fcnn, Tschechische Republik, Paris, &#8230; D\u00e4nemark, Irland) Januar 2024 Aufenthalt in Schlitz, Hessen, Deutschland. Samstag, 27.01. Happening am Burgfried\/ &hellip; <\/p>\n<p class=\"link-more\"><a href=\"https:\/\/ischebeck-art.de\/?page_id=49\" class=\"more-link\"><span class=\"screen-reader-text\">\u201eBiografisches\u201c<\/span> weiterlesen<\/a><\/p>\n","protected":false},"author":1,"featured_media":0,"parent":0,"menu_order":0,"comment_status":"closed","ping_status":"closed","template":"","meta":[],"_links":{"self":[{"href":"https:\/\/ischebeck-art.de\/index.php?rest_route=\/wp\/v2\/pages\/49"}],"collection":[{"href":"https:\/\/ischebeck-art.de\/index.php?rest_route=\/wp\/v2\/pages"}],"about":[{"href":"https:\/\/ischebeck-art.de\/index.php?rest_route=\/wp\/v2\/types\/page"}],"author":[{"embeddable":true,"href":"https:\/\/ischebeck-art.de\/index.php?rest_route=\/wp\/v2\/users\/1"}],"replies":[{"embeddable":true,"href":"https:\/\/ischebeck-art.de\/index.php?rest_route=%2Fwp%2Fv2%2Fcomments&post=49"}],"version-history":[{"count":2,"href":"https:\/\/ischebeck-art.de\/index.php?rest_route=\/wp\/v2\/pages\/49\/revisions"}],"predecessor-version":[{"id":181,"href":"https:\/\/ischebeck-art.de\/index.php?rest_route=\/wp\/v2\/pages\/49\/revisions\/181"}],"wp:attachment":[{"href":"https:\/\/ischebeck-art.de\/index.php?rest_route=%2Fwp%2Fv2%2Fmedia&parent=49"}],"curies":[{"name":"wp","href":"https:\/\/api.w.org\/{rel}","templated":true}]}}